{"id":74,"date":"2017-03-01T16:13:17","date_gmt":"2017-03-01T15:13:17","guid":{"rendered":"http:\/\/hotelmaestrale.sviluppo.edita.lan\/cookie-policy\/"},"modified":"2023-04-12T16:30:18","modified_gmt":"2023-04-12T14:30:18","slug":"cookie-policy","status":"publish","type":"page","link":"https:\/\/www.casarivariccione.com\/fr\/cookie-policy\/","title":{"rendered":"Cookie Policy"},"content":{"rendered":"<p>Ce site web utilise des cookies. Nous utilisons des cookies pour personnaliser le contenu et les publicit\u00e9s, pour fournir des fonctionnalit\u00e9s de m\u00e9dias sociaux et pour analyser notre trafic. Nous partageons \u00e9galement des informations sur la fa\u00e7on dont vous utilisez notre site avec nos partenaires d&rsquo;analyse Web, de publicit\u00e9 et de m\u00e9dias sociaux, qui peuvent les combiner avec d&rsquo;autres informations que vous leur avez fournies ou qu&rsquo;ils ont collect\u00e9es lors de votre utilisation de leurs services.<\/p>\n<p>Les cookies sont de petits fichiers texte qui peuvent \u00eatre utilis\u00e9s par les sites Web pour rendre l&rsquo;exp\u00e9rience utilisateur plus efficace.<\/p>\n<p>La loi stipule que nous pouvons stocker des cookies sur votre appareil s&rsquo;ils sont strictement n\u00e9cessaires au fonctionnement de ce site. Pour tous les autres types de cookies, nous avons besoin de votre autorisation. Ce site utilise diff\u00e9rents types de cookies. Certains cookies sont plac\u00e9s par des services tiers qui apparaissent sur nos pages. Vous pouvez modifier ou retirer votre consentement \u00e0 tout moment \u00e0 partir de la d\u00e9claration relative aux cookies sur notre site Web.<\/p>\n\t<div class=\"CookieDeclaration\" dir=\"ltr\" lang=\"fr\">\n\t\t<div class=\"CookieDeclarationType\" dir=\"ltr\" lang=\"fr\">\n\t\t\t<script type=\"text\/javascript\" charset=\"UTF-8\"  data-cookiescriptreport=\"report\" src=\"\/\/report.cookie-script.com\/r\/942d953b5183c400bc09d0e476bc1506.js\"><\/script>\n\t\t<\/div>\n\t<\/div>\n\n\t\n","protected":false},"excerpt":{"rendered":"<p>Ce site web utilise des cookies. Nous utilisons des cookies pour personnaliser le contenu et les publicit\u00e9s, pour fournir des fonctionnalit\u00e9s de m\u00e9dias sociaux et pour analyser notre trafic. Nous partageons \u00e9galement des informations sur la fa\u00e7on dont vous utilisez notre site avec nos partenaires d&rsquo;analyse Web, de publicit\u00e9 et de m\u00e9dias sociaux, qui peuvent les combiner avec d&rsquo;autres informations que vous leur avez fournies ou qu&rsquo;ils ont collect\u00e9es lors &#8230;<\/p>\n","protected":false},"author":1,"featured_media":0,"parent":0,"menu_order":0,"comment_status":"closed","ping_status":"closed","template":"","meta":{"_acf_changed":false},"class_list":["post-74","page","type-page","status-publish","hentry"],"acf":[],"_links":{"self":[{"href":"https:\/\/www.casarivariccione.com\/fr\/wp-json\/wp\/v2\/pages\/74","targetHints":{"allow":["GET"]}}],"collection":[{"href":"https:\/\/www.casarivariccione.com\/fr\/wp-json\/wp\/v2\/pages"}],"about":[{"href":"https:\/\/www.casarivariccione.com\/fr\/wp-json\/wp\/v2\/types\/page"}],"author":[{"embeddable":true,"href":"https:\/\/www.casarivariccione.com\/fr\/wp-json\/wp\/v2\/users\/1"}],"replies":[{"embeddable":true,"href":"https:\/\/www.casarivariccione.com\/fr\/wp-json\/wp\/v2\/comments?post=74"}],"version-history":[{"count":0,"href":"https:\/\/www.casarivariccione.com\/fr\/wp-json\/wp\/v2\/pages\/74\/revisions"}],"wp:attachment":[{"href":"https:\/\/www.casarivariccione.com\/fr\/wp-json\/wp\/v2\/media?parent=74"}],"curies":[{"name":"wp","href":"https:\/\/api.w.org\/{rel}","templated":true}]}}