{"id":5145,"date":"2024-07-01T11:35:41","date_gmt":"2024-07-01T09:35:41","guid":{"rendered":"https:\/\/www.casarivariccione.com\/vicinissimo-al-mare-e-al-centro-della-citta\/"},"modified":"2024-08-07T15:18:19","modified_gmt":"2024-08-07T13:18:19","slug":"tres-proche-de-la-mer-et-du-centre-ville","status":"publish","type":"page","link":"https:\/\/www.casarivariccione.com\/fr\/tres-proche-de-la-mer-et-du-centre-ville\/","title":{"rendered":"Tr\u00e8s proche de la mer et du centre ville"},"content":{"rendered":"<h2>Riccione est diff\u00e9rente de toutes les autres villes c\u00f4ti\u00e8res.<\/h2>\n<p>Ce qui la rend unique et inimitable, c&rsquo;est <strong>Viale Ceccarini<\/strong>, le salon iconique au c\u0153ur de la ville, o\u00f9 le charme du shopping, m\u00eame en soir\u00e9e, dans des boutiques prestigieuses, se combine avec des caf\u00e9s en plein air, des bars \u00e0 vin, des bars \u00e0 cocktails et des restaurants typiques et contemporains. La mer, qui est confirm\u00e9e chaque ann\u00e9e comme l&rsquo;un des <strong>pavillons bleus de la Romagne<\/strong>, a des eaux qui descendent progressivement, les rendant s\u00fbres et tr\u00e8s agr\u00e9ables m\u00eame pour les promenades \u00ab\u00a0pieds dans l&rsquo;eau\u00a0\u00bb. Les plages disposent souvent d&rsquo;installations sportives pour ceux qui <strong>aiment le mouvement et le d\u00e9fi m\u00eame en vacances<\/strong>, et elles accueillent des \u00e9v\u00e9nements sportifs de haut niveau qui attirent des champions et des publics du monde entier.<br \/>\nDu soir jusqu&rsquo;\u00e0 tard dans la nuit, <strong>la vie est en mouvement constant<\/strong>. <strong>Amusez-vous<\/strong> dans les lieux de l&rsquo;\u00eele pi\u00e9tonne, les chiringuitos au bord de la mer et les c\u00e9l\u00e8bres clubs de la colline, v\u00e9ritables lieux de rencontre pour les amateurs de musique avec des \u00e9v\u00e9nements incontournables en compagnie de DJ internationaux.<\/p>\n","protected":false},"excerpt":{"rendered":"<p>Riccione est diff\u00e9rente de toutes les autres villes c\u00f4ti\u00e8res. Ce qui la rend unique et inimitable, c&rsquo;est Viale Ceccarini, le salon iconique au c\u0153ur de la ville, o\u00f9 le charme du shopping, m\u00eame en soir\u00e9e, dans des boutiques prestigieuses, se combine avec des caf\u00e9s en plein air, des bars \u00e0 vin, des bars \u00e0 cocktails et des restaurants typiques et contemporains. La mer, qui est confirm\u00e9e chaque ann\u00e9e comme l&rsquo;un &#8230;<\/p>\n","protected":false},"author":7,"featured_media":0,"parent":0,"menu_order":0,"comment_status":"closed","ping_status":"closed","template":"","meta":{"_acf_changed":false},"class_list":["post-5145","page","type-page","status-publish","hentry"],"acf":[],"_links":{"self":[{"href":"https:\/\/www.casarivariccione.com\/fr\/wp-json\/wp\/v2\/pages\/5145","targetHints":{"allow":["GET"]}}],"collection":[{"href":"https:\/\/www.casarivariccione.com\/fr\/wp-json\/wp\/v2\/pages"}],"about":[{"href":"https:\/\/www.casarivariccione.com\/fr\/wp-json\/wp\/v2\/types\/page"}],"author":[{"embeddable":true,"href":"https:\/\/www.casarivariccione.com\/fr\/wp-json\/wp\/v2\/users\/7"}],"replies":[{"embeddable":true,"href":"https:\/\/www.casarivariccione.com\/fr\/wp-json\/wp\/v2\/comments?post=5145"}],"version-history":[{"count":0,"href":"https:\/\/www.casarivariccione.com\/fr\/wp-json\/wp\/v2\/pages\/5145\/revisions"}],"wp:attachment":[{"href":"https:\/\/www.casarivariccione.com\/fr\/wp-json\/wp\/v2\/media?parent=5145"}],"curies":[{"name":"wp","href":"https:\/\/api.w.org\/{rel}","templated":true}]}}