{"id":5135,"date":"2024-06-28T11:19:19","date_gmt":"2024-06-28T09:19:19","guid":{"rendered":"https:\/\/www.casarivariccione.com\/il-concept\/"},"modified":"2024-08-07T15:07:53","modified_gmt":"2024-08-07T13:07:53","slug":"le-concept","status":"publish","type":"page","link":"https:\/\/www.casarivariccione.com\/fr\/le-concept\/","title":{"rendered":"Le concept"},"content":{"rendered":"<h2>Oubliez l&rsquo;h\u00f4tel habituel. Casa Riva est une villa de 100 ans, r\u00e9cemment r\u00e9nov\u00e9e avec une restauration conservatrice qui a pr\u00e9serv\u00e9 ses d\u00e9tails pr\u00e9cieux et le style inconfondable de l&rsquo;\u00e9poque \u00e0 laquelle elle a \u00e9t\u00e9 con\u00e7ue.<\/h2>\n<p><strong>4 suites \u00e9l\u00e9gantes<\/strong> o\u00f9 <strong>les meubles<\/strong>, <strong>les mat\u00e9riaux<\/strong> utilis\u00e9s et <strong>la d\u00e9coration int\u00e9rieure refl\u00e8tent un luxe authentique<\/strong> \u00e0 appr\u00e9cier en toutes circonstances. Les parquets \u00e0 chevrons interagissent avec des motifs en marbre r\u00e9chauffant l&rsquo;atmosph\u00e8re, les murs d&rsquo;un blanc \u00e9clatant refl\u00e8tent la lumi\u00e8re naturelle, un privil\u00e8ge de l&#8217;emplacement, des plafonds avec des moulures en bas-relief d&rsquo;\u00e9poque, des meubles en bois sombre, du laiton, et des touches de couleur personnalisent les espaces.<\/p>\n<p><strong>Chaque suite poss\u00e8de une<\/strong> <strong>Jacuzzi priv\u00e9e<\/strong> pour garantir aux invit\u00e9s des <strong>moments de d\u00e9tente absolue tout au long de l&rsquo;ann\u00e9e<\/strong>, et des espaces confortables \u00e0 appr\u00e9cier durant la journ\u00e9e. Les suites au rez-de-chauss\u00e9e ont la <strong>jacuzzi dans un petit jardin ext\u00e9rieur<\/strong>, celles au premier \u00e9tage la trouvent sur le balcon ou dans une tourelle.<\/p>\n<p><strong>La proximit\u00e9 de Casa Riva avec l&rsquo;h\u00f4tel Maestrale<\/strong> <strong>permettra aux invit\u00e9s d&rsquo;utiliser leurs services<\/strong>, <strong>de la petit-d\u00e9jeuner au d\u00eener<\/strong>, qui, en saison, seront servis en v\u00e9randa ou dans le jardin, entre le vert luxuriant du matin et les ciels \u00e9toil\u00e9s des soir\u00e9es d&rsquo;\u00e9t\u00e9.<\/p>\n","protected":false},"excerpt":{"rendered":"<p>Oubliez l&rsquo;h\u00f4tel habituel. Casa Riva est une villa de 100 ans, r\u00e9cemment r\u00e9nov\u00e9e avec une restauration conservatrice qui a pr\u00e9serv\u00e9 ses d\u00e9tails pr\u00e9cieux et le style inconfondable de l&rsquo;\u00e9poque \u00e0 laquelle elle a \u00e9t\u00e9 con\u00e7ue. 4 suites \u00e9l\u00e9gantes o\u00f9 les meubles, les mat\u00e9riaux utilis\u00e9s et la d\u00e9coration int\u00e9rieure refl\u00e8tent un luxe authentique \u00e0 appr\u00e9cier en toutes circonstances. Les parquets \u00e0 chevrons interagissent avec des motifs en marbre r\u00e9chauffant l&rsquo;atmosph\u00e8re, les &#8230;<\/p>\n","protected":false},"author":7,"featured_media":0,"parent":0,"menu_order":0,"comment_status":"closed","ping_status":"closed","template":"","meta":{"_acf_changed":false},"class_list":["post-5135","page","type-page","status-publish","hentry"],"acf":[],"_links":{"self":[{"href":"https:\/\/www.casarivariccione.com\/fr\/wp-json\/wp\/v2\/pages\/5135","targetHints":{"allow":["GET"]}}],"collection":[{"href":"https:\/\/www.casarivariccione.com\/fr\/wp-json\/wp\/v2\/pages"}],"about":[{"href":"https:\/\/www.casarivariccione.com\/fr\/wp-json\/wp\/v2\/types\/page"}],"author":[{"embeddable":true,"href":"https:\/\/www.casarivariccione.com\/fr\/wp-json\/wp\/v2\/users\/7"}],"replies":[{"embeddable":true,"href":"https:\/\/www.casarivariccione.com\/fr\/wp-json\/wp\/v2\/comments?post=5135"}],"version-history":[{"count":0,"href":"https:\/\/www.casarivariccione.com\/fr\/wp-json\/wp\/v2\/pages\/5135\/revisions"}],"wp:attachment":[{"href":"https:\/\/www.casarivariccione.com\/fr\/wp-json\/wp\/v2\/media?parent=5135"}],"curies":[{"name":"wp","href":"https:\/\/api.w.org\/{rel}","templated":true}]}}