{"id":1325,"date":"2020-07-01T11:39:52","date_gmt":"2020-07-01T09:39:52","guid":{"rendered":"https:\/\/www.casarivariccione.com\/?page_id=1325"},"modified":"2024-08-07T12:49:16","modified_gmt":"2024-08-07T10:49:16","slug":"nous-sommes","status":"publish","type":"page","link":"https:\/\/www.casarivariccione.com\/fr\/nous-sommes\/","title":{"rendered":"Nous sommes"},"content":{"rendered":"<h2>Casa Riva, Viale Milano 6, suites \u00e0 quelques pas de la plage et de Viale Ceccarini.<\/h2>\n<p>Nous sommes <strong>tr\u00e8s proches de la mer<\/strong>, et \u00e0 quelques minutes du centre-ville et des zones pi\u00e9tonnes de Viale Ceccarini et Viale Dante. C&rsquo;est un emplacement privil\u00e9gi\u00e9 qui relie le dynamisme de Riccione et la commodit\u00e9 de ses plages.<br \/>\nNotre plage priv\u00e9e Le Palme 88\/89, offrant une \u00e9l\u00e9gance et un confort maximum, est \u00e0 moins de 100 m\u00e8tres.<\/p>\n<h3>Comment rejoindre Casa Riva<br \/>\n<strong>* Enregistrement \u00e0 l&rsquo;H\u00f4tel Maestrale sur Viale Carducci 2, et pendant les p\u00e9riodes o\u00f9 il est ferm\u00e9, \u00e0 l&rsquo;H\u00f4tel Lungomare<\/strong><\/h3>\n<p><img loading=\"lazy\" decoding=\"async\" class=\"size-medium wp-image-599 alignleft\" src=\"https:\/\/www.hotelmoncheri.com\/wp-content\/uploads\/2019\/05\/icona-aereo-60x60.png\" alt=\"\" width=\"60\" height=\"60\" data-big-size=\"60x60\" \/><strong>En avion :<\/strong><br \/>\nL&rsquo;a\u00e9roport de Rimini est \u00e0 seulement 5 km, l&rsquo;a\u00e9roport de Forl\u00ec \u00e0 69 km, l&rsquo;a\u00e9roport d&rsquo;Ancona \u00e0 87 km, et l&rsquo;a\u00e9roport de Bologne \u00e0 130 km.<\/p>\n<hr \/>\n<p><img loading=\"lazy\" decoding=\"async\" class=\"size-medium wp-image-599 alignleft\" src=\"https:\/\/www.hotelmoncheri.com\/wp-content\/uploads\/2019\/05\/icona-treno-60x60.png\" alt=\"\" width=\"60\" height=\"60\" data-big-size=\"60x60\" \/><strong>En train :<\/strong><br \/>\nLa gare de Riccione est \u00e0 seulement 10 minutes \u00e0 pied. La gare de Rimini est \u00e0 11 km, mais elles sont bien reli\u00e9es entre elles.<\/p>\n<hr \/>\n<p><img loading=\"lazy\" decoding=\"async\" class=\"size-medium wp-image-603 alignleft\" src=\"https:\/\/www.hotelmoncheri.com\/wp-content\/uploads\/2019\/05\/icona-auto-60x60.png\" alt=\"\" width=\"60\" height=\"60\" data-big-size=\"60x60\" \/><strong>En voiture :<\/strong><br \/>\nSortie A14 Riccione en direction du centre, continuez le long du front de mer, et vous nous trouverez au Viale Milano 6, tout pr\u00e8s du port.<\/p>\n<hr \/>\n<p>Pour <strong>tout besoin<\/strong>, n&rsquo;h\u00e9sitez pas \u00e0 nous contacter <strong>appelez-nous au +39 0541 602726<\/strong>, ou <strong>envoyez-nous un e-mail \u00e0 ricevimento@hotelmaestrale.com<\/strong><\/p>\n<div style=\"clear: both;\"><\/div>\n<p><strong>Casa Riva<\/strong><br \/>\nViale Giosu\u00e8 Carducci, 2<br \/>\n47838 Riccione<\/p>\n<p><a href=\"https:\/\/www.leardinigroup.com\/brochure\/mappa.pdf\" target=\"_blank\" rel=\"noopener noreferrer\">T\u00e9l\u00e9chargez la carte Leardinigroup &gt;&gt;<\/a><\/p>\n\n","protected":false},"excerpt":{"rendered":"<p>Casa Riva, Viale Milano 6, suites \u00e0 quelques pas de la plage et de Viale Ceccarini. Nous sommes tr\u00e8s proches de la mer, et \u00e0 quelques minutes du centre-ville et des zones pi\u00e9tonnes de Viale Ceccarini et Viale Dante. C&rsquo;est un emplacement privil\u00e9gi\u00e9 qui relie le dynamisme de Riccione et la commodit\u00e9 de ses plages. Notre plage priv\u00e9e Le Palme 88\/89, offrant une \u00e9l\u00e9gance et un confort maximum, est \u00e0 &#8230;<\/p>\n","protected":false},"author":4,"featured_media":0,"parent":0,"menu_order":14,"comment_status":"closed","ping_status":"closed","template":"template\/template.mappa.php","meta":{"_acf_changed":false},"class_list":["post-1325","page","type-page","status-publish","hentry"],"acf":[],"_links":{"self":[{"href":"https:\/\/www.casarivariccione.com\/fr\/wp-json\/wp\/v2\/pages\/1325","targetHints":{"allow":["GET"]}}],"collection":[{"href":"https:\/\/www.casarivariccione.com\/fr\/wp-json\/wp\/v2\/pages"}],"about":[{"href":"https:\/\/www.casarivariccione.com\/fr\/wp-json\/wp\/v2\/types\/page"}],"author":[{"embeddable":true,"href":"https:\/\/www.casarivariccione.com\/fr\/wp-json\/wp\/v2\/users\/4"}],"replies":[{"embeddable":true,"href":"https:\/\/www.casarivariccione.com\/fr\/wp-json\/wp\/v2\/comments?post=1325"}],"version-history":[{"count":0,"href":"https:\/\/www.casarivariccione.com\/fr\/wp-json\/wp\/v2\/pages\/1325\/revisions"}],"wp:attachment":[{"href":"https:\/\/www.casarivariccione.com\/fr\/wp-json\/wp\/v2\/media?parent=1325"}],"curies":[{"name":"wp","href":"https:\/\/api.w.org\/{rel}","templated":true}]}}