{"id":1316,"date":"2020-07-01T11:07:31","date_gmt":"2020-07-01T09:07:31","guid":{"rendered":"https:\/\/www.casarivariccione.com\/?page_id=1316"},"modified":"2024-08-07T12:31:30","modified_gmt":"2024-08-07T10:31:30","slug":"offres","status":"publish","type":"page","link":"https:\/\/www.casarivariccione.com\/fr\/offres\/","title":{"rendered":"Toutes les offres"},"content":{"rendered":"<h2>Casa Riva vous s\u00e9duit avec des moments d\u00e9di\u00e9s \u00e0 vous-m\u00eame, des occasions incontournables pour vivre des s\u00e9jours de luxe accessibles o\u00f9 les services et le confort se m\u00ealent \u00e0 l&rsquo;\u00e9nergie de la mer et \u00e0 la beaut\u00e9 de la structure qui vous accueille.<\/h2>\n<p>Laissez-vous s\u00e9duire par <strong>nos offres de vacances<\/strong> et nos tarifs promotionnels pour r\u00e9aliser ce petit r\u00eave et bien plus encore en un seul clic.<br \/>\nCi-dessous, vous trouverez <strong>une liste de nos meilleures offres<\/strong> pour vous offrir des vacances r\u00e9g\u00e9n\u00e9rantes, \u00e0 quelques pas de la mer.<\/p>\n","protected":false},"excerpt":{"rendered":"<p>Casa Riva vous s\u00e9duit avec des moments d\u00e9di\u00e9s \u00e0 vous-m\u00eame, des occasions incontournables pour vivre des s\u00e9jours de luxe accessibles o\u00f9 les services et le confort se m\u00ealent \u00e0 l&rsquo;\u00e9nergie de la mer et \u00e0 la beaut\u00e9 de la structure qui vous accueille. Laissez-vous s\u00e9duire par nos offres de vacances et nos tarifs promotionnels pour r\u00e9aliser ce petit r\u00eave et bien plus encore en un seul clic. Ci-dessous, vous trouverez &#8230;<\/p>\n","protected":false},"author":4,"featured_media":0,"parent":0,"menu_order":16,"comment_status":"closed","ping_status":"closed","template":"template\/template.offerte.php","meta":{"_acf_changed":false},"class_list":["post-1316","page","type-page","status-publish","hentry"],"acf":[],"_links":{"self":[{"href":"https:\/\/www.casarivariccione.com\/fr\/wp-json\/wp\/v2\/pages\/1316","targetHints":{"allow":["GET"]}}],"collection":[{"href":"https:\/\/www.casarivariccione.com\/fr\/wp-json\/wp\/v2\/pages"}],"about":[{"href":"https:\/\/www.casarivariccione.com\/fr\/wp-json\/wp\/v2\/types\/page"}],"author":[{"embeddable":true,"href":"https:\/\/www.casarivariccione.com\/fr\/wp-json\/wp\/v2\/users\/4"}],"replies":[{"embeddable":true,"href":"https:\/\/www.casarivariccione.com\/fr\/wp-json\/wp\/v2\/comments?post=1316"}],"version-history":[{"count":0,"href":"https:\/\/www.casarivariccione.com\/fr\/wp-json\/wp\/v2\/pages\/1316\/revisions"}],"wp:attachment":[{"href":"https:\/\/www.casarivariccione.com\/fr\/wp-json\/wp\/v2\/media?parent=1316"}],"curies":[{"name":"wp","href":"https:\/\/api.w.org\/{rel}","templated":true}]}}