{"id":1311,"date":"2020-07-01T11:00:11","date_gmt":"2020-07-01T09:00:11","guid":{"rendered":"https:\/\/www.casarivariccione.com\/?page_id=1311"},"modified":"2024-08-07T15:40:04","modified_gmt":"2024-08-07T13:40:04","slug":"suites","status":"publish","type":"page","link":"https:\/\/www.casarivariccione.com\/fr\/suites\/","title":{"rendered":"Nos Suites"},"content":{"rendered":"<h2>Exclusivit\u00e9 et Confort au C\u0153ur de Riccione<\/h2>\n<p><strong>Les 4 suites de Casa Riva sont toutes uniques en termes d&rsquo;espace et de disposition<\/strong>. Elles partagent un <strong>style contemporain<\/strong> refl\u00e9tant leur conception et des r\u00e9f\u00e9rences au pass\u00e9, <strong>pr\u00e9servant la valeur historique de la r\u00e9sidence des ann\u00e9es 1920<\/strong>. Une s\u00e9lection soign\u00e9e de mat\u00e9riaux, une palette de couleurs et des <strong>finishes pr\u00e9cieuses<\/strong> rendent chaque suite un <strong>environnement exclusif<\/strong>, o\u00f9 <strong>confort<\/strong> et <strong>technologie<\/strong> se fondent avec la <strong>beaut\u00e9 du mobilier<\/strong> et l&rsquo;<strong>unicit\u00e9 de la structure<\/strong>. <strong>Marea<\/strong>, <strong>Onda<\/strong>, <strong>Molo<\/strong> et <strong>Cala<\/strong> sont les noms des suites qui \u00e9voquent la mer, l&rsquo;odeur du sel dans l&rsquo;air, et les <strong>vacances sur la Riviera<\/strong>.<\/p>\n<p><strong>Les deux premi\u00e8res sont au rez-de-chauss\u00e9e<\/strong>, et <strong>les autres au premier \u00e9tage<\/strong>, accessibles par le grand escalier dans le hall commun. <strong>Chacune poss\u00e8de un Jacuzzi priv\u00e9<\/strong> et un espace ext\u00e9rieur pour des moments de d\u00e9tente et de bains de soleil dans une atmosph\u00e8re intime.<\/p>\n","protected":false},"excerpt":{"rendered":"<p>Exclusivit\u00e9 et Confort au C\u0153ur de Riccione Les 4 suites de Casa Riva sont toutes uniques en termes d&rsquo;espace et de disposition. Elles partagent un style contemporain refl\u00e9tant leur conception et des r\u00e9f\u00e9rences au pass\u00e9, pr\u00e9servant la valeur historique de la r\u00e9sidence des ann\u00e9es 1920. Une s\u00e9lection soign\u00e9e de mat\u00e9riaux, une palette de couleurs et des finishes pr\u00e9cieuses rendent chaque suite un environnement exclusif, o\u00f9 confort et technologie se fondent &#8230;<\/p>\n","protected":false},"author":4,"featured_media":0,"parent":0,"menu_order":17,"comment_status":"closed","ping_status":"closed","template":"template\/template.camere.php","meta":{"_acf_changed":false},"class_list":["post-1311","page","type-page","status-publish","hentry"],"acf":[],"_links":{"self":[{"href":"https:\/\/www.casarivariccione.com\/fr\/wp-json\/wp\/v2\/pages\/1311","targetHints":{"allow":["GET"]}}],"collection":[{"href":"https:\/\/www.casarivariccione.com\/fr\/wp-json\/wp\/v2\/pages"}],"about":[{"href":"https:\/\/www.casarivariccione.com\/fr\/wp-json\/wp\/v2\/types\/page"}],"author":[{"embeddable":true,"href":"https:\/\/www.casarivariccione.com\/fr\/wp-json\/wp\/v2\/users\/4"}],"replies":[{"embeddable":true,"href":"https:\/\/www.casarivariccione.com\/fr\/wp-json\/wp\/v2\/comments?post=1311"}],"version-history":[{"count":0,"href":"https:\/\/www.casarivariccione.com\/fr\/wp-json\/wp\/v2\/pages\/1311\/revisions"}],"wp:attachment":[{"href":"https:\/\/www.casarivariccione.com\/fr\/wp-json\/wp\/v2\/media?parent=1311"}],"curies":[{"name":"wp","href":"https:\/\/api.w.org\/{rel}","templated":true}]}}