{"id":5215,"date":"2020-02-26T16:01:01","date_gmt":"2020-02-26T15:01:01","guid":{"rendered":"https:\/\/www.casarivariccione.com\/termini-e-condizioni\/"},"modified":"2026-01-27T11:22:32","modified_gmt":"2026-01-27T10:22:32","slug":"geschaeftsbedingungen","status":"publish","type":"page","link":"https:\/\/www.casarivariccione.com\/de\/geschaeftsbedingungen\/","title":{"rendered":"Gesch\u00e4ftsbedingungen"},"content":{"rendered":"<p><strong>G\u00dcLTIGKEIT DER BUCHUNG<\/strong><br \/>\nDie Buchung, die durch eine Anzahlung garantiert wird, ist bis 24:00 Uhr am Anreisetag g\u00fcltig.<\/p>\n<p><strong>ANREISE UND ABREISE<\/strong><br \/>\nDas Zimmer steht ab 14:00 Uhr am Anreisetag bis 10:30 Uhr am Abreisetag zur Verf\u00fcgung.<br \/>\nF\u00fcr fr\u00fche Anreisen oder sp\u00e4te Abreisen kontaktieren Sie bitte die Rezeption; solche Anfragen sind von der Verf\u00fcgbarkeit abh\u00e4ngig und k\u00f6nnen mit zus\u00e4tzlichen Kosten verbunden sein.<\/p>\n<ul>\n<li>Check-in: ab 14:00 Uhr<\/li>\n<li>Check-out: bis 10:30 Uhr<\/li>\n<li>Fr\u00fcher Check-in oder sp\u00e4ter Check-out: auf Anfrage und nach Verf\u00fcgbarkeit<\/li>\n<\/ul>\n<p><strong>VERSCHOBENE ANKUNFT\/FR\u00dcHZEITIGE ABREISE<\/strong><br \/>\nVersp\u00e4tete Ank\u00fcnfte und\/oder fr\u00fchzeitige Abreisen f\u00fchren zur vollst\u00e4ndigen Zahlung aller gebuchten \u00dcbernachtungen.<\/p>\n<p><strong>G\u00dcLTIGKEIT DER BUCHUNG<\/strong><br \/>\nDie Buchung, die durch eine Anzahlung garantiert wird, ist bis 24:00 Uhr am Anreisetag g\u00fcltig.<\/p>\n<p><strong>ANREISE UND ABREISE<\/strong><br \/>\nDas Zimmer steht ab 14:00 Uhr am Anreisetag bis 10:30 Uhr am Abreisetag zur Verf\u00fcgung.<br \/>\nF\u00fcr fr\u00fche Anreisen oder sp\u00e4te Abreisen wenden Sie sich bitte an die Rezeption; solche Anfragen unterliegen der Verf\u00fcgbarkeit und k\u00f6nnen zus\u00e4tzliche Kosten verursachen.<\/p>\n<ul>\n<li>Check-in: ab 14:00 Uhr<\/li>\n<li>Check-out: bis 10:30 Uhr<\/li>\n<li>Fr\u00fcher Check-in oder sp\u00e4ter Check-out: auf Anfrage und nach Verf\u00fcgbarkeit<\/li>\n<\/ul>\n<p><strong>VERSCHOBENE ANKUNFT\/FR\u00dcHZEITIGE ABREISE<\/strong><br \/>\nVersp\u00e4tete Ankunft und\/oder fr\u00fchzeitige Abreise f\u00fchren zur vollen Zahlung aller gebuchten \u00dcbernachtungen.<\/p>\n<p><strong>ZAHLUNGSARTEN<\/strong><br \/>\nWir akzeptieren Barzahlungen, EC-Karten und Kreditkarten. Schecks werden nicht akzeptiert.<\/p>\n<p>F\u00fcr \u00dcberweisungen:<\/p>\n<ul>\n<li>Standard\u00fcberweisungen, die kurz vor dem Ankunfts- oder Abreisedatum erfolgen, k\u00f6nnen aus administrativen Gr\u00fcnden nicht ber\u00fccksichtigt werden.<\/li>\n<li>Sofort\u00fcberweisungen sind bis zu 24 Stunden vor dem Ankunfts- oder Abreisedatum m\u00f6glich.<\/li>\n<\/ul>\n<p>Beim Check-in beh\u00e4lt sich die Unterkunft das Recht vor, eine Kreditkarte zur Vorautorisierung des \u00dcbernachtungsbetrags, abz\u00fcglich bereits geleisteter Anzahlungen, zu verlangen.<\/p>\n<p><strong>MAHLZEITEN<\/strong><br \/>\nNicht eingenommene Mahlzeiten sind weder erstattungsf\u00e4hig noch preisreduzierend.<br \/>\nRestaurantzeiten:<\/p>\n<ul>\n<li>Fr\u00fchst\u00fcck: 07:30 Uhr bis 10:30 Uhr<\/li>\n<li>Mittagessen: 12:30 Uhr bis 14:00 Uhr<\/li>\n<li>Abendessen: 19:30 Uhr bis 21:00 Uhr<\/li>\n<\/ul>\n<p><strong>KLEIDERORDNUNG IM RESTAURANT<\/strong><\/p>\n<ul>\n<li>Fr\u00fchst\u00fcck und Mittagessen: Bequeme und legere Kleidung f\u00fcr eine entspannte Atmosph\u00e4re.<\/li>\n<li>Abendessen: Casual Chic wird empfohlen, um einen Hauch von Eleganz am Abend zu verleihen.<\/li>\n<\/ul>\n<p><strong>BEST\u00c4TIGUNG DER ZIMMERNUMMER<\/strong><br \/>\nWir garantieren die gebuchte Zimmerkategorie, k\u00f6nnen jedoch nicht immer die Nummer, Etage oder Lage des Zimmers best\u00e4tigen. F\u00fcr Aufenthalte ab 7 N\u00e4chten kann ein bestimmtes Zimmer gegen einen Aufpreis von 5 % auf den Standardtarif der Kategorie gew\u00e4hlt werden, vorbehaltlich Verf\u00fcgbarkeit und besonderer W\u00fcnsche.<\/p>\n<p><strong>NICHTRAUCHERZIMMER<\/strong><br \/>\nAlle Zimmer sind Nichtraucherzimmer. Bitte respektieren Sie diese Regel, um den Komfort zuk\u00fcnftiger G\u00e4ste zu gew\u00e4hrleisten.<\/p>\n<p><strong>STRAND (falls inbegriffen)<\/strong><br \/>\nDer Strand ist vom Ankunftstag bis zum Tag vor der Abreise inbegriffen. Der Zugang am letzten Tag ist auf Anfrage und gegen Aufpreis m\u00f6glich. Kleine Haustiere sind bei Reservierung von speziellen Sonnenschirmen erlaubt. <a href=\"https:\/\/www.hotelmaestrale.com\/brochure\/regolamento_animali_de.pdf\">Bitte beachten Sie unsere Richtlinien.<\/a><\/p>\n<p><strong>HAUSTIERE<\/strong><br \/>\nKleine Haustiere sind willkommen gegen eine t\u00e4gliche Geb\u00fchr von 15,00 \u20ac f\u00fcr die Zimmerreinigung. <a href=\"https:\/\/www.hotelmaestrale.com\/brochure\/regolamento_animali_de.pdf\">Bitte beachten Sie unsere Richtlinien.<\/a><\/p>\n<p><strong>PARKPLATZ<\/strong><br \/>\nF\u00fcr unsere G\u00e4ste steht ein angrenzender Au\u00dfenparkplatz oder eine \u00fcberwachte Tiefgarage zur Verf\u00fcgung. Die t\u00e4gliche Geb\u00fchr betr\u00e4gt 25,00 \u20ac, sofern sie nicht in der gew\u00e4hlten Aufenthaltsart enthalten ist.<\/p>\n<p><strong>INTERNETVERBINDUNG<\/strong><br \/>\nKostenloses WLAN ist in den Zimmern, den Gemeinschaftsbereichen und den meisten Au\u00dfenbereichen verf\u00fcgbar.<\/p>\n<p><strong>AUFENTHALT VON MINDERJ\u00c4HRIGEN<\/strong><br \/>\nMinderj\u00e4hrige d\u00fcrfen nur in Begleitung eines Elternteils und mit einem g\u00fcltigen Ausweisdokument \u00fcbernachten. Minderj\u00e4hrige ohne Begleitung, auch mit Vollmacht, sind nicht erlaubt.<\/p>\n<p><strong>WERTSACHEN<\/strong><br \/>\nDas Hotel \u00fcbernimmt keine Verantwortung f\u00fcr unbeaufsichtigte Wertgegenst\u00e4nde. Jedes Zimmer ist mit einem Safe ausgestattet.<\/p>\n<p><strong>VERGESSENE GEGENST\u00c4NDE<\/strong><br \/>\nGefundene Gegenst\u00e4nde werden maximal 3 Monate aufbewahrt.<\/p>\n<p><strong>KOMMUNIKATIONEN<\/strong><br \/>\nStornierungen oder besondere Anfragen sind nur g\u00fcltig, wenn sie schriftlich per E-Mail an prenotazioni@leardinigroup.com gesendet werden. Das Hotel kommuniziert mit dem Gast \u00fcber die bei der Buchung angegebenen Kontaktdaten.<\/p>\n<p><strong>VERSICHERN SIE IHREN URLAUB<\/strong><\/p>\n<p>Warum ein Risiko eingehen? Sch\u00fctzen Sie Ihre Buchung mit der <strong>optionalen Care4UHotel-Versicherung<\/strong>.<\/p>\n<p>Diese Versicherung bietet Schutz bei:<\/p>\n<ul>\n<li>Stornierung der Reise vor der Abreise.<\/li>\n<li>Abbruch des Aufenthalts aus unvorhergesehenen Gr\u00fcnden.<\/li>\n<\/ul>\n<p>Ein kleiner Preis f\u00fcr einen gro\u00dfen Service.<\/p>\n<p>Bitte beachten Sie: Die Versicherung muss <strong>innerhalb von 48 Stunden nach der Buchung aktiviert werden<\/strong>.<\/p>\n<p>F\u00fcr weitere Informationen und zum Abschluss der Versicherung:<br \/>\n<a href=\"https:\/\/www.care4uhotel.com\/it\/care4uhotel\" target=\"_blank\" rel=\"noopener\">https:\/\/www.care4uhotel.com\/it\/care4uhotel<\/a><\/p>\n","protected":false},"excerpt":{"rendered":"<p>G\u00dcLTIGKEIT DER BUCHUNG Die Buchung, die durch eine Anzahlung garantiert wird, ist bis 24:00 Uhr am Anreisetag g\u00fcltig. ANREISE UND ABREISE Das Zimmer steht ab 14:00 Uhr am Anreisetag bis 10:30 Uhr am Abreisetag zur Verf\u00fcgung. F\u00fcr fr\u00fche Anreisen oder sp\u00e4te Abreisen kontaktieren Sie bitte die Rezeption; solche Anfragen sind von der Verf\u00fcgbarkeit abh\u00e4ngig und k\u00f6nnen mit zus\u00e4tzlichen Kosten verbunden sein. Check-in: ab 14:00 Uhr Check-out: bis 10:30 Uhr Fr\u00fcher &#8230;<\/p>\n","protected":false},"author":1,"featured_media":0,"parent":0,"menu_order":0,"comment_status":"closed","ping_status":"closed","template":"","meta":{"_acf_changed":false},"class_list":["post-5215","page","type-page","status-publish","hentry"],"acf":[],"_links":{"self":[{"href":"https:\/\/www.casarivariccione.com\/de\/wp-json\/wp\/v2\/pages\/5215","targetHints":{"allow":["GET"]}}],"collection":[{"href":"https:\/\/www.casarivariccione.com\/de\/wp-json\/wp\/v2\/pages"}],"about":[{"href":"https:\/\/www.casarivariccione.com\/de\/wp-json\/wp\/v2\/types\/page"}],"author":[{"embeddable":true,"href":"https:\/\/www.casarivariccione.com\/de\/wp-json\/wp\/v2\/users\/1"}],"replies":[{"embeddable":true,"href":"https:\/\/www.casarivariccione.com\/de\/wp-json\/wp\/v2\/comments?post=5215"}],"version-history":[{"count":0,"href":"https:\/\/www.casarivariccione.com\/de\/wp-json\/wp\/v2\/pages\/5215\/revisions"}],"wp:attachment":[{"href":"https:\/\/www.casarivariccione.com\/de\/wp-json\/wp\/v2\/media?parent=5215"}],"curies":[{"name":"wp","href":"https:\/\/api.w.org\/{rel}","templated":true}]}}