{"id":5157,"date":"2024-07-01T12:22:30","date_gmt":"2024-07-01T10:22:30","guid":{"rendered":"https:\/\/www.casarivariccione.com\/party-ed-eventi\/"},"modified":"2025-09-25T11:42:55","modified_gmt":"2025-09-25T09:42:55","slug":"partys-und-events","status":"publish","type":"page","link":"https:\/\/www.casarivariccione.com\/de\/partys-und-events\/","title":{"rendered":"Die Exklusivit\u00e4t der Villa"},"content":{"rendered":"<h2>Das gesamte Casa Riva nur f\u00fcr Sie. Es klingt wie ein Traum, aber er kann wirklich wahr werden.<\/h2>\n<p><strong>Bis zu 10\/12 Personen<\/strong> k\u00f6nnen in einer Atmosph\u00e4re von <strong>absoluter Privatsph\u00e4re<\/strong> und mit allen Vorteilen, <strong>die gesamte Villa f\u00fcr sich allein<\/strong> zu haben, untergebracht werden.<br \/>\nEine <strong>Gruppe von Freunden<\/strong>, mehrere Paare oder <strong>eine gro\u00dfe Familie<\/strong> k\u00f6nnen jeden Raum der Villa genie\u00dfen, mit ihren <strong>4 Suiten<\/strong> und den Gemeinschaftsbereichen voller Charme und Design.  <\/p>\n<p>Ob es sich um <strong>einen besonderen Anlass<\/strong> handelt oder einfach nur um den Wunsch, <strong>ein Wochenende mit Freunden<\/strong> mit exklusivem Flair zu verbringen \u2013 dies ist <strong>eine originelle Wahl<\/strong>, mit gro\u00dfem visuellen Eindruck und ganz <strong>auf Ihre W\u00fcnsche zugeschnitten<\/strong>.<\/p>\n","protected":false},"excerpt":{"rendered":"<p>Das gesamte Casa Riva nur f\u00fcr Sie. Es klingt wie ein Traum, aber er kann wirklich wahr werden. Bis zu 10\/12 Personen k\u00f6nnen in einer Atmosph\u00e4re von absoluter Privatsph\u00e4re und mit allen Vorteilen, die gesamte Villa f\u00fcr sich allein zu haben, untergebracht werden. Eine Gruppe von Freunden, mehrere Paare oder eine gro\u00dfe Familie k\u00f6nnen jeden Raum der Villa genie\u00dfen, mit ihren 4 Suiten und den Gemeinschaftsbereichen voller Charme und Design. &#8230;<\/p>\n","protected":false},"author":7,"featured_media":0,"parent":0,"menu_order":0,"comment_status":"closed","ping_status":"closed","template":"","meta":{"_acf_changed":false},"class_list":["post-5157","page","type-page","status-publish","hentry"],"acf":[],"_links":{"self":[{"href":"https:\/\/www.casarivariccione.com\/de\/wp-json\/wp\/v2\/pages\/5157","targetHints":{"allow":["GET"]}}],"collection":[{"href":"https:\/\/www.casarivariccione.com\/de\/wp-json\/wp\/v2\/pages"}],"about":[{"href":"https:\/\/www.casarivariccione.com\/de\/wp-json\/wp\/v2\/types\/page"}],"author":[{"embeddable":true,"href":"https:\/\/www.casarivariccione.com\/de\/wp-json\/wp\/v2\/users\/7"}],"replies":[{"embeddable":true,"href":"https:\/\/www.casarivariccione.com\/de\/wp-json\/wp\/v2\/comments?post=5157"}],"version-history":[{"count":0,"href":"https:\/\/www.casarivariccione.com\/de\/wp-json\/wp\/v2\/pages\/5157\/revisions"}],"wp:attachment":[{"href":"https:\/\/www.casarivariccione.com\/de\/wp-json\/wp\/v2\/media?parent=5157"}],"curies":[{"name":"wp","href":"https:\/\/api.w.org\/{rel}","templated":true}]}}