{"id":5151,"date":"2024-07-01T11:49:05","date_gmt":"2024-07-01T09:49:05","guid":{"rendered":"https:\/\/www.casarivariccione.com\/esperienze-di-gusto-in-suite\/"},"modified":"2024-08-07T15:24:52","modified_gmt":"2024-08-07T13:24:52","slug":"geschmackserlebnisse-in-suiten","status":"publish","type":"page","link":"https:\/\/www.casarivariccione.com\/de\/geschmackserlebnisse-in-suiten\/","title":{"rendered":"Geschmackserlebnisse in Suiten"},"content":{"rendered":"<h2>Verwandeln Sie jeden Aufenthalt in einer Suite in ein ungew\u00f6hnliches und besonderes Erlebnis.<\/h2>\n<p><strong>Angefangen mit dem Fr\u00fchst\u00fcck<\/strong>, das Sie sich <strong>am Jacuzzi oder im Wohnzimmer<\/strong> servieren lassen k\u00f6nnen, ebenso wie <strong>das Mittagessen<\/strong> <strong>im k\u00fchlen Gr\u00fcn Ihres Balkons<\/strong> oder <strong>das Abendessen unter den Sternen<\/strong>. G\u00f6nnen Sie sich einen intimen und glamour\u00f6sen Moment in einer solch einzigartigen Umgebung oder genie\u00dfen Sie einfach diese Momente purer Freude, indem Sie sich ein wenig mehr Luxus als gew\u00f6hnlich g\u00f6nnen.<\/p>\n<p>Der Raum um Sie herum ist entscheidend, um die perfekte Atmosph\u00e4re zu schaffen und sich in ein unvergessliches Erlebnis zu vertiefen, <strong>alles, was Sie brauchen, ist hier<\/strong>.<\/p>\n","protected":false},"excerpt":{"rendered":"<p>Verwandeln Sie jeden Aufenthalt in einer Suite in ein ungew\u00f6hnliches und besonderes Erlebnis. Angefangen mit dem Fr\u00fchst\u00fcck, das Sie sich am Jacuzzi oder im Wohnzimmer servieren lassen k\u00f6nnen, ebenso wie das Mittagessen im k\u00fchlen Gr\u00fcn Ihres Balkons oder das Abendessen unter den Sternen. G\u00f6nnen Sie sich einen intimen und glamour\u00f6sen Moment in einer solch einzigartigen Umgebung oder genie\u00dfen Sie einfach diese Momente purer Freude, indem Sie sich ein wenig mehr &#8230;<\/p>\n","protected":false},"author":7,"featured_media":0,"parent":0,"menu_order":0,"comment_status":"closed","ping_status":"closed","template":"","meta":{"_acf_changed":false},"class_list":["post-5151","page","type-page","status-publish","hentry"],"acf":[],"_links":{"self":[{"href":"https:\/\/www.casarivariccione.com\/de\/wp-json\/wp\/v2\/pages\/5151","targetHints":{"allow":["GET"]}}],"collection":[{"href":"https:\/\/www.casarivariccione.com\/de\/wp-json\/wp\/v2\/pages"}],"about":[{"href":"https:\/\/www.casarivariccione.com\/de\/wp-json\/wp\/v2\/types\/page"}],"author":[{"embeddable":true,"href":"https:\/\/www.casarivariccione.com\/de\/wp-json\/wp\/v2\/users\/7"}],"replies":[{"embeddable":true,"href":"https:\/\/www.casarivariccione.com\/de\/wp-json\/wp\/v2\/comments?post=5151"}],"version-history":[{"count":0,"href":"https:\/\/www.casarivariccione.com\/de\/wp-json\/wp\/v2\/pages\/5151\/revisions"}],"wp:attachment":[{"href":"https:\/\/www.casarivariccione.com\/de\/wp-json\/wp\/v2\/media?parent=5151"}],"curies":[{"name":"wp","href":"https:\/\/api.w.org\/{rel}","templated":true}]}}