{"id":5146,"date":"2024-07-01T11:35:41","date_gmt":"2024-07-01T09:35:41","guid":{"rendered":"https:\/\/www.casarivariccione.com\/vicinissimo-al-mare-e-al-centro-della-citta\/"},"modified":"2024-08-07T15:19:45","modified_gmt":"2024-08-07T13:19:45","slug":"ganz-in-der-naehe-des-meeres-und-des-stadtzentrums","status":"publish","type":"page","link":"https:\/\/www.casarivariccione.com\/de\/ganz-in-der-naehe-des-meeres-und-des-stadtzentrums\/","title":{"rendered":"Ganz in der N\u00e4he des Meeres und des Stadtzentrums"},"content":{"rendered":"<h2>Riccione ist anders als alle anderen K\u00fcstenst\u00e4dte.<\/h2>\n<p>Was sie einzigartig und unverwechselbar macht, ist <strong>Viale Ceccarini<\/strong>, die ikonische Lounge im pulsierenden Herzen der Stadt, wo der Charme des Einkaufens, auch am Abend, in prestigetr\u00e4chtigen Boutiquen, sich mit Stra\u00dfencaf\u00e9s, Weinbars, Cocktailbars und sowohl typischen als auch zeitgen\u00f6ssischen Restaurants verbindet. Das Meer, das jedes Jahr als eine der <strong>blauen Flaggen der Romagna<\/strong> best\u00e4tigt wird, hat sanft abfallende Gew\u00e4sser, die sicher und sehr angenehm sind, auch f\u00fcr &#8222;pieds dans l&#8217;eau&#8220; Spazierg\u00e4nge. Die Str\u00e4nde haben oft Sporteinrichtungen f\u00fcr diejenigen, die <strong>auch im Urlaub Bewegung und Herausforderung lieben<\/strong>, und sie sind der Veranstaltungsort f\u00fcr hochkar\u00e4tige Sportveranstaltungen, die Champions und Publikum aus der ganzen Welt anziehen.<br \/>\nVon abends bis sp\u00e4t in die Nacht ist <strong>das Leben in st\u00e4ndiger Bewegung<\/strong>. <strong>Am\u00fcsiere dich<\/strong> in den Lokalen der Fu\u00dfg\u00e4ngerinsel, den Chiringuitos am Meer und den ber\u00fchmten Clubs auf dem H\u00fcgel, echte Treffpunkte f\u00fcr Musikliebhaber mit unverzichtbaren Veranstaltungen zusammen mit internationalen DJs.<\/p>\n","protected":false},"excerpt":{"rendered":"<p>Riccione ist anders als alle anderen K\u00fcstenst\u00e4dte. Was sie einzigartig und unverwechselbar macht, ist Viale Ceccarini, die ikonische Lounge im pulsierenden Herzen der Stadt, wo der Charme des Einkaufens, auch am Abend, in prestigetr\u00e4chtigen Boutiquen, sich mit Stra\u00dfencaf\u00e9s, Weinbars, Cocktailbars und sowohl typischen als auch zeitgen\u00f6ssischen Restaurants verbindet. Das Meer, das jedes Jahr als eine der blauen Flaggen der Romagna best\u00e4tigt wird, hat sanft abfallende Gew\u00e4sser, die sicher und sehr &#8230;<\/p>\n","protected":false},"author":7,"featured_media":0,"parent":0,"menu_order":0,"comment_status":"closed","ping_status":"closed","template":"","meta":{"_acf_changed":false},"class_list":["post-5146","page","type-page","status-publish","hentry"],"acf":[],"_links":{"self":[{"href":"https:\/\/www.casarivariccione.com\/de\/wp-json\/wp\/v2\/pages\/5146","targetHints":{"allow":["GET"]}}],"collection":[{"href":"https:\/\/www.casarivariccione.com\/de\/wp-json\/wp\/v2\/pages"}],"about":[{"href":"https:\/\/www.casarivariccione.com\/de\/wp-json\/wp\/v2\/types\/page"}],"author":[{"embeddable":true,"href":"https:\/\/www.casarivariccione.com\/de\/wp-json\/wp\/v2\/users\/7"}],"replies":[{"embeddable":true,"href":"https:\/\/www.casarivariccione.com\/de\/wp-json\/wp\/v2\/comments?post=5146"}],"version-history":[{"count":0,"href":"https:\/\/www.casarivariccione.com\/de\/wp-json\/wp\/v2\/pages\/5146\/revisions"}],"wp:attachment":[{"href":"https:\/\/www.casarivariccione.com\/de\/wp-json\/wp\/v2\/media?parent=5146"}],"curies":[{"name":"wp","href":"https:\/\/api.w.org\/{rel}","templated":true}]}}