{"id":5142,"date":"2024-07-01T10:16:51","date_gmt":"2024-07-01T08:16:51","guid":{"rendered":"https:\/\/www.casarivariccione.com\/la-spiaggia-privata\/"},"modified":"2026-03-05T09:45:50","modified_gmt":"2026-03-05T08:45:50","slug":"der-privatstrand","status":"publish","type":"page","link":"https:\/\/www.casarivariccione.com\/de\/der-privatstrand\/","title":{"rendered":"Der Privatstrand"},"content":{"rendered":"<h2>\u00dcberqueren Sie einfach die Fu\u00dfg\u00e4ngerpromenade und der private Strand wird Sie mit seinen Palmen, die sich vor dem blauen Himmel abheben, und den M\u00f6beln einer gro\u00dfen Lounge im Sand willkommen hei\u00dfen<\/h2>\n<p>Es ist ein sehr ger\u00e4umiger, sorgf\u00e4ltig gepflegter Strand, an dem Wei\u00df und nat\u00fcrliche Materialien dominieren, einzigartig in seinen Eigenschaften und seiner Gr\u00f6\u00dfe.<br \/>\nRegenerieren Sie sich, treiben Sie Sport und haben Sie Spa\u00df&#8230; am <strong>Strand Le Palme<\/strong> atmen Sie die romagnolische Herzlichkeit in einer exklusiven Atmosph\u00e4re ein, mit allen Annehmlichkeiten eines gro\u00dfen Strandbereichs, ausgestattet mit <strong>Sonnenschirmen<\/strong>, <strong>Liegest\u00fchlen<\/strong> und <strong>Entspannungszonen<\/strong>, die Ihre Tage in der Sonne zu <strong>Momenten des echten Wohlbefindens<\/strong> machen.<\/p>\n<h4>***Die Verf\u00fcgbarkeit des Strandes ist begrenzt, daher empfehlen wir, diesen Service bei der Buchung zu best\u00e4tigen.<\/h4>\n<p><strong> Wenn Sie eine des Aufenthalts, wo der Strand enthalten ist, und Sie eine unterschiedliche Positionierung Schatten haben, hier unten sind die Erg\u00e4nzungen<\/strong><\/p>\n<ul>\n<li>Suite-Strandzelt mit Lounge-Bereich + Kabine auf Anfrage kostenlos \u20ac 40,00 pro Tag<\/li>\n<li>Reihe I Sonnenschirme \u20ac 20,00 pro Tag<\/li>\n<li>Reihen II, III, IV, V Sonnenschirme \u20ac 15,00 pro Tag<\/li>\n<li>Reihen VI, VII gro\u00dfe Sonnenschirme \u20ac 15,00 pro Tag<\/li>\n<li>Kabine \u20ac 12,00 pro Tag<\/li>\n<li>Gazebo \u20ac 120,00 pro Tag<\/li>\n<li>Zus\u00e4tzliche Liege \u20ac 15,00 pro Tag<\/li>\n<li>Zuschlag Haustierbereich \u20ac 15,00 pro Tag<\/li>\n<\/ul>\n<p><img loading=\"lazy\" decoding=\"async\" class=\"alignnone wp-image-4691 size-full\" src=\"https:\/\/www.hotelmaestrale.com\/wp-content\/uploads\/2025\/02\/PIANTINA_SPIAGGIA_20254_de.jpg\" alt=\"\" width=\"2079\" height=\"1476\" data-big-size=\"1920x1363\" \/><\/p>\n","protected":false},"excerpt":{"rendered":"<p>\u00dcberqueren Sie einfach die Fu\u00dfg\u00e4ngerpromenade und der private Strand wird Sie mit seinen Palmen, die sich vor dem blauen Himmel abheben, und den M\u00f6beln einer gro\u00dfen Lounge im Sand willkommen hei\u00dfen Es ist ein sehr ger\u00e4umiger, sorgf\u00e4ltig gepflegter Strand, an dem Wei\u00df und nat\u00fcrliche Materialien dominieren, einzigartig in seinen Eigenschaften und seiner Gr\u00f6\u00dfe. Regenerieren Sie sich, treiben Sie Sport und haben Sie Spa\u00df&#8230; am Strand Le Palme atmen Sie die &#8230;<\/p>\n","protected":false},"author":7,"featured_media":0,"parent":0,"menu_order":0,"comment_status":"closed","ping_status":"closed","template":"","meta":{"_acf_changed":false},"class_list":["post-5142","page","type-page","status-publish","hentry"],"acf":[],"_links":{"self":[{"href":"https:\/\/www.casarivariccione.com\/de\/wp-json\/wp\/v2\/pages\/5142","targetHints":{"allow":["GET"]}}],"collection":[{"href":"https:\/\/www.casarivariccione.com\/de\/wp-json\/wp\/v2\/pages"}],"about":[{"href":"https:\/\/www.casarivariccione.com\/de\/wp-json\/wp\/v2\/types\/page"}],"author":[{"embeddable":true,"href":"https:\/\/www.casarivariccione.com\/de\/wp-json\/wp\/v2\/users\/7"}],"replies":[{"embeddable":true,"href":"https:\/\/www.casarivariccione.com\/de\/wp-json\/wp\/v2\/comments?post=5142"}],"version-history":[{"count":0,"href":"https:\/\/www.casarivariccione.com\/de\/wp-json\/wp\/v2\/pages\/5142\/revisions"}],"wp:attachment":[{"href":"https:\/\/www.casarivariccione.com\/de\/wp-json\/wp\/v2\/media?parent=5142"}],"curies":[{"name":"wp","href":"https:\/\/api.w.org\/{rel}","templated":true}]}}