{"id":5136,"date":"2024-06-28T11:19:19","date_gmt":"2024-06-28T09:19:19","guid":{"rendered":"https:\/\/www.casarivariccione.com\/il-concept\/"},"modified":"2024-08-07T15:09:13","modified_gmt":"2024-08-07T13:09:13","slug":"das-konzept","status":"publish","type":"page","link":"https:\/\/www.casarivariccione.com\/de\/das-konzept\/","title":{"rendered":"Das Konzept"},"content":{"rendered":"<h2>Vergessen Sie das gew\u00f6hnliche Hotel. Casa Riva ist eine 100 Jahre alte Villa, die k\u00fcrzlich mit einer denkmalgerechten Renovierung restauriert wurde, die ihre wertvollen Details und den unverwechselbaren Stil der \u00c4ra, in der sie entworfen wurde, bewahrt hat.<\/h2>\n<p><strong>4 elegante Suiten<\/strong>, in denen <strong>M\u00f6bel<\/strong>, <strong>verwendete Materialien<\/strong> und <strong>Wohnkultur echten Luxus<\/strong> widerspiegeln, der in jeder Situation genossen werden kann. Fischgr\u00e4tparkettboden interagiert mit Marmormustern und erw\u00e4rmt die Atmosph\u00e4re, strahlend wei\u00dfe W\u00e4nde reflektieren das nat\u00fcrliche Licht, ein Privileg der Lage, Decken mit periodischen Basreliefs, dunkle Holzm\u00f6bel, Messing und Farbakzente personalisieren die R\u00e4ume.<\/p>\n<p><strong>Jede Suite verf\u00fcgt \u00fcber eine<\/strong> <strong>private Jacuzzi<\/strong>, um den G\u00e4sten <strong>absolute Entspannung das ganze Jahr \u00fcber<\/strong> zu garantieren, und komfortable R\u00e4ume, die tags\u00fcber genossen werden k\u00f6nnen. Die Suiten im Erdgeschoss haben die <strong>Jacuzzi in einem kleinen Au\u00dfenbereich<\/strong>, w\u00e4hrend die im ersten Stock sie auf dem Balkon oder in einem Turm haben.<\/p>\n<p><strong>Die N\u00e4he von Casa Riva zum Hotel Maestrale<\/strong> <strong>erm\u00f6glicht es den G\u00e4sten, deren Dienste zu nutzen<\/strong>, <strong>vom Fr\u00fchst\u00fcck bis zum Abendessen<\/strong>, das in der sch\u00f6nen Saison auf der Veranda oder im Garten serviert wird, zwischen dem \u00fcppigen Gr\u00fcn des Morgens und den sternenklaren Sommerabenden.<\/p>\n","protected":false},"excerpt":{"rendered":"<p>Vergessen Sie das gew\u00f6hnliche Hotel. Casa Riva ist eine 100 Jahre alte Villa, die k\u00fcrzlich mit einer denkmalgerechten Renovierung restauriert wurde, die ihre wertvollen Details und den unverwechselbaren Stil der \u00c4ra, in der sie entworfen wurde, bewahrt hat. 4 elegante Suiten, in denen M\u00f6bel, verwendete Materialien und Wohnkultur echten Luxus widerspiegeln, der in jeder Situation genossen werden kann. Fischgr\u00e4tparkettboden interagiert mit Marmormustern und erw\u00e4rmt die Atmosph\u00e4re, strahlend wei\u00dfe W\u00e4nde reflektieren &#8230;<\/p>\n","protected":false},"author":7,"featured_media":0,"parent":0,"menu_order":0,"comment_status":"closed","ping_status":"closed","template":"","meta":{"_acf_changed":false},"class_list":["post-5136","page","type-page","status-publish","hentry"],"acf":[],"_links":{"self":[{"href":"https:\/\/www.casarivariccione.com\/de\/wp-json\/wp\/v2\/pages\/5136","targetHints":{"allow":["GET"]}}],"collection":[{"href":"https:\/\/www.casarivariccione.com\/de\/wp-json\/wp\/v2\/pages"}],"about":[{"href":"https:\/\/www.casarivariccione.com\/de\/wp-json\/wp\/v2\/types\/page"}],"author":[{"embeddable":true,"href":"https:\/\/www.casarivariccione.com\/de\/wp-json\/wp\/v2\/users\/7"}],"replies":[{"embeddable":true,"href":"https:\/\/www.casarivariccione.com\/de\/wp-json\/wp\/v2\/comments?post=5136"}],"version-history":[{"count":0,"href":"https:\/\/www.casarivariccione.com\/de\/wp-json\/wp\/v2\/pages\/5136\/revisions"}],"wp:attachment":[{"href":"https:\/\/www.casarivariccione.com\/de\/wp-json\/wp\/v2\/media?parent=5136"}],"curies":[{"name":"wp","href":"https:\/\/api.w.org\/{rel}","templated":true}]}}