{"id":5117,"date":"2024-08-07T11:02:28","date_gmt":"2024-08-07T09:02:28","guid":{"rendered":"https:\/\/www.casarivariccione.com\/?page_id=5117"},"modified":"2025-09-30T12:48:47","modified_gmt":"2025-09-30T10:48:47","slug":"gastronomie","status":"publish","type":"page","link":"https:\/\/www.casarivariccione.com\/de\/gastronomie\/","title":{"rendered":"Gastronomie"},"content":{"rendered":"<p>Das Suite Hotel Maestrale, direkt neben Casa Riva, bietet gro\u00dfartige Gastronomie, die Sie bereits beim ersten Fr\u00fchst\u00fcck bemerken werden, das Sie auf der Au\u00dfenterrasse genie\u00dfen k\u00f6nnen, wo Sie in der sch\u00f6nen Jahreszeit die Meeresluft einatmen k\u00f6nnen, <strong>und im Sommer im Gr\u00fcnen des Gartens<\/strong> oder im eleganten Innenraum, der perfekt f\u00fcr k\u00fchlere Tage oder wenn die Temperaturen zu schw\u00fcl werden, geeignet ist.<\/p>\n<p><strong>Sie k\u00f6nnen zwischen frisch gepressten S\u00e4ften<\/strong>, <strong>Smoothies und Crepes<\/strong>, <strong>die vor Ort zubereitet werden<\/strong>, <strong>herzhaften Optionen<\/strong> und <strong>duftendem hausgemachtem Geb\u00e4ck w\u00e4hlen<\/strong>.<\/p>\n<p><strong>Wenn Sie es gem\u00fctlich angehen lassen<\/strong> oder den Tag noch verw\u00f6hnter beginnen m\u00f6chten, k\u00f6nnen Sie es direkt <strong>in der Suite genie\u00dfen<\/strong>, <strong>in einem der verf\u00fcgbaren R\u00e4ume und sogar im Jacuzzi<\/strong>, <strong>in v\u00f6lliger Entspannung<\/strong>.<\/p>\n<p>Mittag- und Abendessen werden eine angenehme Geschmacksreise sein, die von internationalen Vorschl\u00e4gen bis hin zu <strong>typischen Produkten aus der Romagna reicht<\/strong>, mit einem <strong>Men\u00fc zur Auswahl<\/strong>, das Vorspeisen und Hauptgerichte aus Fleisch und Fisch, Beilagen und Desserts umfasst, die immer am Tisch serviert werden; die gef\u00fcllte Piadina-Ecke wird Sie bei jeder Mahlzeit begleiten.<\/p>\n<p><strong>Das Restaurant des Suite Hotel Maestrale<\/strong> ist t\u00e4glich von 12:30 bis 14:00 Uhr und von 19:30 bis 21:00 <strong>Uhr ge\u00f6ffnet<\/strong>, <strong>vom 1. Juni bis 8. September<\/strong>. In diesem Zeitraum k\u00f6nnen Sie auch zwei wirklich einzigartige Gourmet-Erlebnisse genie\u00dfen.<\/p>\n<ul>\n<li><strong>Fischmarkt am Freitagabend<\/strong>, <strong>von Austern und Sashimi bis hin zu den blauen Fischen unserer K\u00fcste<\/strong>, ein Eintauchen in die nationalen und internationalen Meere, um deren kostbare Geschenke zu entdecken, eine gastronomische Reise, die den Reichtum und die Aromen der vielen Fischsorten erz\u00e4hlt, die mit der Kreativit\u00e4t unseres K\u00fcchenchefs zubereitet werden, immer mit einem Augenzwinkern zur Tradition.<\/li>\n<li><strong>Mondschein-Picknick in der Locanda i Girasoli<\/strong>, green-chic Abende in einer traumhaften Atmosph\u00e4re zwischen dekorierten Olivenb\u00e4umen, Blumen so weit das Auge reicht und thematischen \u00dcberraschungen.<\/li>\n<\/ul>\n<p>Wenn Sie Ihren Urlaub lieber in v\u00f6lliger Freiheit und ohne festgelegte Formeln genie\u00dfen m\u00f6chten, haben Sie die M\u00f6glichkeit, aus diesen Gastronomieangeboten dasjenige auszuw\u00e4hlen, das Sie am meisten interessiert.<\/p>\n<div id='gallery-1' class='gallery galleryid-5117  gallery-size-full'><div class='owl-carousel owl-carousel-multiple-carousel-style'\n\t\t\t\t\t\t\tdata-owl-navigation='true'\n\t\t\t\t\t\t\tdata-owl-slide-speed='300'\n\t\t\t\t\t\t\tdata-owl-autoplay='false'\n\t\t\t\t\t\t\tdata-owl-dots='false'\n\t\t\t\t\t\t\tdata-owl-dots-speed='300'\n\t\t\t\t\t\t\tdata-owl-items-xs='1'data-owl-items-sm='2'data-owl-items-md='3'data-owl-items-lg='3'data-owl-items-xl='3'\n\t\t\t\t\t\t><figure class='gallery-item'>\n\t\t\t\t<div class='gallery-icon landscape'>\n\t\t\t\t\t<a href='https:\/\/www.casarivariccione.com\/wp-content\/uploads\/2024\/06\/Ristorante-Suite-Hotel-Maestrale-Riccione-10.jpg' data-size=\"1000x700\"><img loading=\"lazy\" decoding=\"async\" width=\"1000\" height=\"700\" src=\"https:\/\/www.casarivariccione.com\/wp-content\/uploads\/2024\/06\/Ristorante-Suite-Hotel-Maestrale-Riccione-10.jpg\" class=\"attachment-full size-full\" alt=\"\" \/><\/a>\n\t\t\t\t<\/div><\/figure><figure class='gallery-item'>\n\t\t\t\t<div class='gallery-icon landscape'>\n\t\t\t\t\t<a href='https:\/\/www.casarivariccione.com\/wp-content\/uploads\/2024\/06\/Ristorante-Suite-Hotel-Maestrale-Riccione-6.jpg' data-size=\"1000x700\"><img loading=\"lazy\" decoding=\"async\" width=\"1000\" height=\"700\" src=\"https:\/\/www.casarivariccione.com\/wp-content\/uploads\/2024\/06\/Ristorante-Suite-Hotel-Maestrale-Riccione-6.jpg\" class=\"attachment-full size-full\" alt=\"\" \/><\/a>\n\t\t\t\t<\/div><\/figure><figure class='gallery-item'>\n\t\t\t\t<div class='gallery-icon landscape'>\n\t\t\t\t\t<a href='https:\/\/www.casarivariccione.com\/wp-content\/uploads\/2024\/06\/Ristorante-Suite-Hotel-Maestrale-Riccione-15.jpg' data-size=\"1000x700\"><img loading=\"lazy\" decoding=\"async\" width=\"1000\" height=\"700\" src=\"https:\/\/www.casarivariccione.com\/wp-content\/uploads\/2024\/06\/Ristorante-Suite-Hotel-Maestrale-Riccione-15.jpg\" class=\"attachment-full size-full\" alt=\"\" \/><\/a>\n\t\t\t\t<\/div><\/figure><figure class='gallery-item'>\n\t\t\t\t<div class='gallery-icon landscape'>\n\t\t\t\t\t<a href='https:\/\/www.casarivariccione.com\/wp-content\/uploads\/2024\/06\/Ristorante-Suite-Hotel-Maestrale-Riccione-12.jpg' data-size=\"1000x700\"><img loading=\"lazy\" decoding=\"async\" width=\"1000\" height=\"700\" src=\"https:\/\/www.casarivariccione.com\/wp-content\/uploads\/2024\/06\/Ristorante-Suite-Hotel-Maestrale-Riccione-12.jpg\" class=\"attachment-full size-full\" alt=\"\" \/><\/a>\n\t\t\t\t<\/div><\/figure><figure class='gallery-item'>\n\t\t\t\t<div class='gallery-icon landscape'>\n\t\t\t\t\t<a href='https:\/\/www.casarivariccione.com\/wp-content\/uploads\/2024\/06\/Ristorante-Suite-Hotel-Maestrale-Riccione-2.jpg' data-size=\"1000x700\"><img loading=\"lazy\" decoding=\"async\" width=\"1000\" height=\"700\" src=\"https:\/\/www.casarivariccione.com\/wp-content\/uploads\/2024\/06\/Ristorante-Suite-Hotel-Maestrale-Riccione-2.jpg\" class=\"attachment-full size-full\" alt=\"\" \/><\/a>\n\t\t\t\t<\/div><\/figure><figure class='gallery-item'>\n\t\t\t\t<div class='gallery-icon landscape'>\n\t\t\t\t\t<a href='https:\/\/www.casarivariccione.com\/wp-content\/uploads\/2024\/06\/Ristorante-Suite-Hotel-Maestrale-Riccione-8.jpg' data-size=\"1000x700\"><img loading=\"lazy\" decoding=\"async\" width=\"1000\" height=\"700\" src=\"https:\/\/www.casarivariccione.com\/wp-content\/uploads\/2024\/06\/Ristorante-Suite-Hotel-Maestrale-Riccione-8.jpg\" class=\"attachment-full size-full\" alt=\"\" \/><\/a>\n\t\t\t\t<\/div><\/figure><figure class='gallery-item'>\n\t\t\t\t<div class='gallery-icon landscape'>\n\t\t\t\t\t<a href='https:\/\/www.casarivariccione.com\/wp-content\/uploads\/2024\/06\/Ristorante-Suite-Hotel-Maestrale-Riccione-3.jpg' data-size=\"1000x700\"><img loading=\"lazy\" decoding=\"async\" width=\"1000\" height=\"700\" src=\"https:\/\/www.casarivariccione.com\/wp-content\/uploads\/2024\/06\/Ristorante-Suite-Hotel-Maestrale-Riccione-3.jpg\" class=\"attachment-full size-full\" alt=\"\" \/><\/a>\n\t\t\t\t<\/div><\/figure><figure class='gallery-item'>\n\t\t\t\t<div class='gallery-icon landscape'>\n\t\t\t\t\t<a href='https:\/\/www.casarivariccione.com\/wp-content\/uploads\/2024\/06\/Ristorante-Suite-Hotel-Maestrale-Riccione-14.jpg' data-size=\"1000x700\"><img loading=\"lazy\" decoding=\"async\" width=\"1000\" height=\"700\" src=\"https:\/\/www.casarivariccione.com\/wp-content\/uploads\/2024\/06\/Ristorante-Suite-Hotel-Maestrale-Riccione-14.jpg\" class=\"attachment-full size-full\" alt=\"\" \/><\/a>\n\t\t\t\t<\/div><\/figure><figure class='gallery-item'>\n\t\t\t\t<div class='gallery-icon landscape'>\n\t\t\t\t\t<a href='https:\/\/www.casarivariccione.com\/wp-content\/uploads\/2024\/06\/Ristorante-Suite-Hotel-Maestrale-Riccione-13.jpg' data-size=\"1000x700\"><img loading=\"lazy\" decoding=\"async\" width=\"1000\" height=\"700\" src=\"https:\/\/www.casarivariccione.com\/wp-content\/uploads\/2024\/06\/Ristorante-Suite-Hotel-Maestrale-Riccione-13.jpg\" class=\"attachment-full size-full\" alt=\"\" \/><\/a>\n\t\t\t\t<\/div><\/figure><figure class='gallery-item'>\n\t\t\t\t<div class='gallery-icon landscape'>\n\t\t\t\t\t<a href='https:\/\/www.casarivariccione.com\/wp-content\/uploads\/2024\/06\/Ristorante-Suite-Hotel-Maestrale-Riccione-7.jpg' data-size=\"1000x700\"><img loading=\"lazy\" decoding=\"async\" width=\"1000\" height=\"700\" src=\"https:\/\/www.casarivariccione.com\/wp-content\/uploads\/2024\/06\/Ristorante-Suite-Hotel-Maestrale-Riccione-7.jpg\" class=\"attachment-full size-full\" alt=\"\" \/><\/a>\n\t\t\t\t<\/div><\/figure><figure class='gallery-item'>\n\t\t\t\t<div class='gallery-icon landscape'>\n\t\t\t\t\t<a href='https:\/\/www.casarivariccione.com\/wp-content\/uploads\/2024\/06\/Ristorante-Suite-Hotel-Maestrale-Riccione-5.jpg' data-size=\"1000x700\"><img loading=\"lazy\" decoding=\"async\" width=\"1000\" height=\"700\" src=\"https:\/\/www.casarivariccione.com\/wp-content\/uploads\/2024\/06\/Ristorante-Suite-Hotel-Maestrale-Riccione-5.jpg\" class=\"attachment-full size-full\" alt=\"\" \/><\/a>\n\t\t\t\t<\/div><\/figure><figure class='gallery-item'>\n\t\t\t\t<div class='gallery-icon landscape'>\n\t\t\t\t\t<a href='https:\/\/www.casarivariccione.com\/wp-content\/uploads\/2024\/06\/Ristorante-Suite-Hotel-Maestrale-Riccione-4.jpg' data-size=\"1000x700\"><img loading=\"lazy\" decoding=\"async\" width=\"1000\" height=\"700\" src=\"https:\/\/www.casarivariccione.com\/wp-content\/uploads\/2024\/06\/Ristorante-Suite-Hotel-Maestrale-Riccione-4.jpg\" class=\"attachment-full size-full\" alt=\"\" \/><\/a>\n\t\t\t\t<\/div><\/figure>\n\t\t\t<\/div>\n<\/div>\n\n","protected":false},"excerpt":{"rendered":"<p>Das Suite Hotel Maestrale, direkt neben Casa Riva, bietet gro\u00dfartige Gastronomie, die Sie bereits beim ersten Fr\u00fchst\u00fcck bemerken werden, das Sie auf der Au\u00dfenterrasse genie\u00dfen k\u00f6nnen, wo Sie in der sch\u00f6nen Jahreszeit die Meeresluft einatmen k\u00f6nnen, und im Sommer im Gr\u00fcnen des Gartens oder im eleganten Innenraum, der perfekt f\u00fcr k\u00fchlere Tage oder wenn die Temperaturen zu schw\u00fcl werden, geeignet ist. Sie k\u00f6nnen zwischen frisch gepressten S\u00e4ften, Smoothies und Crepes, &#8230;<\/p>\n","protected":false},"author":7,"featured_media":0,"parent":0,"menu_order":0,"comment_status":"closed","ping_status":"closed","template":"","meta":{"_acf_changed":false},"class_list":["post-5117","page","type-page","status-publish","hentry"],"acf":[],"_links":{"self":[{"href":"https:\/\/www.casarivariccione.com\/de\/wp-json\/wp\/v2\/pages\/5117","targetHints":{"allow":["GET"]}}],"collection":[{"href":"https:\/\/www.casarivariccione.com\/de\/wp-json\/wp\/v2\/pages"}],"about":[{"href":"https:\/\/www.casarivariccione.com\/de\/wp-json\/wp\/v2\/types\/page"}],"author":[{"embeddable":true,"href":"https:\/\/www.casarivariccione.com\/de\/wp-json\/wp\/v2\/users\/7"}],"replies":[{"embeddable":true,"href":"https:\/\/www.casarivariccione.com\/de\/wp-json\/wp\/v2\/comments?post=5117"}],"version-history":[{"count":0,"href":"https:\/\/www.casarivariccione.com\/de\/wp-json\/wp\/v2\/pages\/5117\/revisions"}],"wp:attachment":[{"href":"https:\/\/www.casarivariccione.com\/de\/wp-json\/wp\/v2\/media?parent=5117"}],"curies":[{"name":"wp","href":"https:\/\/api.w.org\/{rel}","templated":true}]}}