{"id":1350,"date":"2020-07-01T12:59:27","date_gmt":"2020-07-01T10:59:27","guid":{"rendered":"https:\/\/www.casarivariccione.com\/?page_id=1350"},"modified":"2025-07-01T10:17:55","modified_gmt":"2025-07-01T08:17:55","slug":"suite-hotel-maestrale-riccione","status":"publish","type":"page","link":"https:\/\/www.casarivariccione.com\/de\/","title":{"rendered":"Es ist eine neue und v\u00f6llig andere Art, Riccione zu erleben"},"content":{"rendered":"<p><strong>Exklusive Eleganz<\/strong> und Meeresduft verschmelzen miteinander und schaffen einen Aufenthalt, bei dem die Zeit langsam vergeht und <strong>die Sch\u00f6nheit dich in eine zarte Umarmung h\u00fcllt<\/strong>. Nur wenige Schritte, um dich auf der Fu\u00dfg\u00e4ngerpromenade wiederzufinden und <strong>sofort am Privatstrand Le Palme 88\/89<\/strong>, einer Lounge im Sand, die dich vom Fr\u00fchling bis zum Herbst willkommen hei\u00dft, wenn die Sonne noch die Nebensaison-Tage w\u00e4rmt. <strong>Vier neu er\u00f6ffnete Suiten<\/strong>, die sich in Gr\u00f6\u00dfe und Einrichtung unterscheiden, aber alle <strong>mit privatem Jacuzzi<sup>\u00ae<\/sup><\/strong>\u00a0und, f\u00fcr diejenigen, die es w\u00fcnschen, <strong>den 4-Sterne-Services<\/strong> des angrenzenden Boutique-Hotels.<\/p>\n","protected":false},"excerpt":{"rendered":"<p>Exklusive Eleganz und Meeresduft verschmelzen miteinander und schaffen einen Aufenthalt, bei dem die Zeit langsam vergeht und die Sch\u00f6nheit dich in eine zarte Umarmung h\u00fcllt. Nur wenige Schritte, um dich auf der Fu\u00dfg\u00e4ngerpromenade wiederzufinden und sofort am Privatstrand Le Palme 88\/89, einer Lounge im Sand, die dich vom Fr\u00fchling bis zum Herbst willkommen hei\u00dft, wenn die Sonne noch die Nebensaison-Tage w\u00e4rmt. Vier neu er\u00f6ffnete Suiten, die sich in Gr\u00f6\u00dfe und &#8230;<\/p>\n","protected":false},"author":4,"featured_media":0,"parent":0,"menu_order":11,"comment_status":"closed","ping_status":"open","template":"","meta":{"_acf_changed":false},"class_list":["post-1350","page","type-page","status-publish","hentry"],"acf":[],"_links":{"self":[{"href":"https:\/\/www.casarivariccione.com\/de\/wp-json\/wp\/v2\/pages\/1350","targetHints":{"allow":["GET"]}}],"collection":[{"href":"https:\/\/www.casarivariccione.com\/de\/wp-json\/wp\/v2\/pages"}],"about":[{"href":"https:\/\/www.casarivariccione.com\/de\/wp-json\/wp\/v2\/types\/page"}],"author":[{"embeddable":true,"href":"https:\/\/www.casarivariccione.com\/de\/wp-json\/wp\/v2\/users\/4"}],"replies":[{"embeddable":true,"href":"https:\/\/www.casarivariccione.com\/de\/wp-json\/wp\/v2\/comments?post=1350"}],"version-history":[{"count":0,"href":"https:\/\/www.casarivariccione.com\/de\/wp-json\/wp\/v2\/pages\/1350\/revisions"}],"wp:attachment":[{"href":"https:\/\/www.casarivariccione.com\/de\/wp-json\/wp\/v2\/media?parent=1350"}],"curies":[{"name":"wp","href":"https:\/\/api.w.org\/{rel}","templated":true}]}}