{"id":1312,"date":"2020-07-01T11:01:20","date_gmt":"2020-07-01T09:01:20","guid":{"rendered":"https:\/\/www.casarivariccione.com\/?page_id=1312"},"modified":"2024-08-07T15:41:25","modified_gmt":"2024-08-07T13:41:25","slug":"suiten","status":"publish","type":"page","link":"https:\/\/www.casarivariccione.com\/de\/suiten\/","title":{"rendered":"Unsere Suiten"},"content":{"rendered":"<h2>Exklusivit\u00e4t und Komfort im Herzen von Riccione<\/h2>\n<p><strong>Die 4 Suiten in der Casa Riva sind alle unterschiedlich in Bezug auf Raum und Aufteilung<\/strong>. Sie teilen einen <strong>zeitgen\u00f6ssischen Stil<\/strong>, der ihre Gestaltung widerspiegelt und Bez\u00fcge zur Vergangenheit herstellt, <strong>den historischen Wert der Residenz aus den 1920er Jahren bewahrend<\/strong>. Eine sorgf\u00e4ltige Auswahl an Materialien, Farbpalette und <strong>wertvollen Oberfl\u00e4chen<\/strong> macht jede Suite zu einer <strong>exklusiven Umgebung<\/strong>, in der <strong>Komfort<\/strong> und <strong>Technologie<\/strong> mit der <strong>Sch\u00f6nheit der Einrichtung<\/strong> und der <strong>Einzigartigkeit der Struktur<\/strong> verschmelzen. <strong>Marea<\/strong>, <strong>Onda<\/strong>, <strong>Molo<\/strong> und <strong>Cala<\/strong> sind die Namen der Suiten, die das Meer, den Duft von Salz in der Luft und den <strong>Urlaub an der Riviera<\/strong> hervorrufen.<\/p>\n<p><strong>Die ersten beiden befinden sich im Erdgeschoss<\/strong>, und <strong>die anderen im ersten Stock<\/strong>, erreichbar \u00fcber die gro\u00dfe Treppe in der gemeinsamen Halle. <strong>Jede Suite verf\u00fcgt \u00fcber einen privaten Jacuzzi<\/strong> und Au\u00dfenbereiche f\u00fcr entspannende Momente und Sonnenb\u00e4der in einer intimen Atmosph\u00e4re.<\/p>\n","protected":false},"excerpt":{"rendered":"<p>Exklusivit\u00e4t und Komfort im Herzen von Riccione Die 4 Suiten in der Casa Riva sind alle unterschiedlich in Bezug auf Raum und Aufteilung. Sie teilen einen zeitgen\u00f6ssischen Stil, der ihre Gestaltung widerspiegelt und Bez\u00fcge zur Vergangenheit herstellt, den historischen Wert der Residenz aus den 1920er Jahren bewahrend. Eine sorgf\u00e4ltige Auswahl an Materialien, Farbpalette und wertvollen Oberfl\u00e4chen macht jede Suite zu einer exklusiven Umgebung, in der Komfort und Technologie mit der &#8230;<\/p>\n","protected":false},"author":4,"featured_media":0,"parent":0,"menu_order":17,"comment_status":"closed","ping_status":"closed","template":"template\/template.camere.php","meta":{"_acf_changed":false},"class_list":["post-1312","page","type-page","status-publish","hentry"],"acf":[],"_links":{"self":[{"href":"https:\/\/www.casarivariccione.com\/de\/wp-json\/wp\/v2\/pages\/1312","targetHints":{"allow":["GET"]}}],"collection":[{"href":"https:\/\/www.casarivariccione.com\/de\/wp-json\/wp\/v2\/pages"}],"about":[{"href":"https:\/\/www.casarivariccione.com\/de\/wp-json\/wp\/v2\/types\/page"}],"author":[{"embeddable":true,"href":"https:\/\/www.casarivariccione.com\/de\/wp-json\/wp\/v2\/users\/4"}],"replies":[{"embeddable":true,"href":"https:\/\/www.casarivariccione.com\/de\/wp-json\/wp\/v2\/comments?post=1312"}],"version-history":[{"count":0,"href":"https:\/\/www.casarivariccione.com\/de\/wp-json\/wp\/v2\/pages\/1312\/revisions"}],"wp:attachment":[{"href":"https:\/\/www.casarivariccione.com\/de\/wp-json\/wp\/v2\/media?parent=1312"}],"curies":[{"name":"wp","href":"https:\/\/api.w.org\/{rel}","templated":true}]}}